{"id":1356,"date":"2023-03-13T07:34:37","date_gmt":"2023-03-13T06:34:37","guid":{"rendered":"http:\/\/wordpress2363517.home.pl\/ptdl\/?page_id=1356"},"modified":"2024-05-09T13:22:37","modified_gmt":"2024-05-09T11:22:37","slug":"dlaczego-warto-zostac-czlonkiem-ptdl","status":"publish","type":"page","link":"https:\/\/ptdl.pl\/index.php\/dlaczego-warto-zostac-czlonkiem-ptdl\/","title":{"rendered":"Dlaczego warto zosta\u0107 cz\u0142onkiem PTDL"},"content":{"rendered":"<p>Polskie Towarzystwo Diagnostyki Laboratoryjnej jest najstarszym i najwi\u0119kszym towarzystwem naukowym w dziedzinie medycznej diagnostyki laboratoryjnej w Polsce. Cz\u0142onkami PTDL s\u0105 diagno\u015bci laboratoryjni, naukowcy i inne osoby reprezentuj\u0105ce r\u00f3\u017cne dziedziny zwi\u0105zane z medyczn\u0105 diagnostyk\u0105 laboratoryjn\u0105. G\u0142\u00f3wna dzia\u0142alno\u015b\u0107 PTDL realizowana jest w 17. oddzia\u0142ach Towarzystwa.<\/p>\n<p>Cz\u0142onkiem zwyczajnym Towarzystwa mo\u017ce by\u0107 ka\u017cdy obywatel RP posiadaj\u0105cy wy\u017csze wykszta\u0142cenie daj\u0105ce podstaw\u0119 do pracy w diagnostyce laboratoryjnej lub rozwijania zainteresowa\u0144 naukowych w tej dziedzinie.<\/p>\n<p>Polskie Towarzystwo Onkologii Klinicznej skupia obecnie ok. 3300 cz\u0142onk\u00f3w, w tym 41 cz\u0142onk\u00f3w honorowych.<\/p>\n<p>Cz\u0142onkami honorowymi s\u0105 wybitni specjali\u015bci i zas\u0142u\u017cone osoby w szeroko poj\u0119tej dziedzinie diagnostyki laboratoryjnej. Dotychczas nadano 41 honorowe cz\u0142onkostwa. Honorowymi cz\u0142onkami PTDL byli nie\u017cyj\u0105cy ju\u017c nestorzy polskiej diagnostyki laboratoryjnej, profesorowie: J\u00f3zef Heller , Jerzy Krawczy\u0144ski, Stefan Angielski, Jerzy Janecki, Jan Prokopowicz czy Andrzej Brzezi\u0144ski.<\/p>\n<p>Cz\u0142onkowie PTDL mog\u0105 korzysta\u0107 z nast\u0119puj\u0105cych przywilej\u00f3w:<\/p>\n<ul>\n<li>Bezp\u0142atnej prenumeraty oficjalnego czasopisma PTDL \u201c<em>Diagnostyka Laboratoryjna Journal of Laboratory Diagnostics<\/em>\u201d w wersji \u00a0drukowanej<\/li>\n<li>Zni\u017ckowych op\u0142at rejestracyjnych na zjazdach i konferencjach naukowych organizowanych przez PTDL<\/li>\n<li>Ubiegania si\u0119 o travel granty umo\u017cliwiaj\u0105ce udzia\u0142 w najwa\u017cniejszych konferencjach w kraju i za granic\u0105<\/li>\n<li>Ubiegania si\u0119 o dofinansowania udzia\u0142u w szkoleniach<\/li>\n<li>Ubiegania si\u0119 o nagrody naukowe przyznawane przez PTDL<\/li>\n<li>Ubiegania si\u0119 o granty naukowe PTDL<\/li>\n<li>Bie\u017c\u0105cego informowania o najwa\u017cniejszych wydarzeniach w dziedzinie medycznej diagnostyki laboratoryjnej w kraju i za granic\u0105 oraz dost\u0119pu do kalendarza imprez zwi\u0105zanych z t\u0105 dziedzin\u0105 medycyny<\/li>\n<\/ul>\n<p>Aby sta\u0107 si\u0119 cz\u0142onkiem Polskiego Towarzystwa Diagnostyki Laboratoryjnej, nale\u017cy wype\u0142ni\u0107 <a href=\"https:\/\/ptdl.sorga.pl\">formularz rejestracyjny<\/a>.<\/p>\n<p>UWAGA: O przyj\u0119ciu do Towarzystwa decyduje zarz\u0105d w\u0142a\u015bciwego oddzia\u0142u. O decyzji zarz\u0105du kandydat zostanie niezw\u0142ocznie poinformowany poczt\u0105 elektroniczn\u0105. Po z\u0142o\u017ceniu deklaracji zostanie zweryfikowany stan op\u0142acenia sk\u0142adek cz\u0142onkowskich.<\/p>\n<p>Op\u0142ata cz\u0142onkowska wynosi jedynie 100 z\u0142 rocznie (dla emeryt\u00f3w 20 z\u0142).<\/p>\n<p>&nbsp;<\/p>\n","protected":false},"excerpt":{"rendered":"<p>Polskie Towarzystwo Diagnostyki Laboratoryjnej jest najstarszym i najwi\u0119kszym towarzystwem naukowym w dziedzinie medycznej diagnostyki laboratoryjnej w Polsce. Cz\u0142onkami PTDL s\u0105 diagno\u015bci laboratoryjni, naukowcy i inne osoby reprezentuj\u0105ce r\u00f3\u017cne dziedziny zwi\u0105zane z medyczn\u0105 diagnostyk\u0105 laboratoryjn\u0105. G\u0142\u00f3wna dzia\u0142alno\u015b\u0107 PTDL realizowana jest w 17. oddzia\u0142ach Towarzystwa. Cz\u0142onkiem zwyczajnym Towarzystwa mo\u017ce by\u0107 ka\u017cdy obywatel RP posiadaj\u0105cy wy\u017csze wykszta\u0142cenie daj\u0105ce [&hellip;]<\/p>\n","protected":false},"author":1,"featured_media":0,"parent":0,"menu_order":0,"comment_status":"closed","ping_status":"closed","template":"","meta":{"footnotes":""},"class_list":["post-1356","page","type-page","status-publish","hentry"],"_links":{"self":[{"href":"https:\/\/ptdl.pl\/index.php\/wp-json\/wp\/v2\/pages\/1356","targetHints":{"allow":["GET"]}}],"collection":[{"href":"https:\/\/ptdl.pl\/index.php\/wp-json\/wp\/v2\/pages"}],"about":[{"href":"https:\/\/ptdl.pl\/index.php\/wp-json\/wp\/v2\/types\/page"}],"author":[{"embeddable":true,"href":"https:\/\/ptdl.pl\/index.php\/wp-json\/wp\/v2\/users\/1"}],"replies":[{"embeddable":true,"href":"https:\/\/ptdl.pl\/index.php\/wp-json\/wp\/v2\/comments?post=1356"}],"version-history":[{"count":4,"href":"https:\/\/ptdl.pl\/index.php\/wp-json\/wp\/v2\/pages\/1356\/revisions"}],"predecessor-version":[{"id":3288,"href":"https:\/\/ptdl.pl\/index.php\/wp-json\/wp\/v2\/pages\/1356\/revisions\/3288"}],"wp:attachment":[{"href":"https:\/\/ptdl.pl\/index.php\/wp-json\/wp\/v2\/media?parent=1356"}],"curies":[{"name":"wp","href":"https:\/\/api.w.org\/{rel}","templated":true}]}}