{"id":1489,"date":"2023-05-04T13:01:38","date_gmt":"2023-05-04T11:01:38","guid":{"rendered":"http:\/\/wordpress2363517.home.pl\/ptdl\/?page_id=1489"},"modified":"2023-05-04T13:01:38","modified_gmt":"2023-05-04T11:01:38","slug":"ifcc","status":"publish","type":"page","link":"https:\/\/ptdl.pl\/index.php\/ifcc\/","title":{"rendered":"IFCC"},"content":{"rendered":"\n<style type=\"text\/css\" data-created_by=\"avia_inline_auto\" id=\"style-css-av-lh90o7mf-4680c9b943165cb1aa18ec641e8980c8\">\n.avia-image-container.av-lh90o7mf-4680c9b943165cb1aa18ec641e8980c8 img.avia_image{\nbox-shadow:none;\n}\n.avia-image-container.av-lh90o7mf-4680c9b943165cb1aa18ec641e8980c8 .av-image-caption-overlay-center{\ncolor:#ffffff;\n}\n<\/style>\n<div  class='avia-image-container av-lh90o7mf-4680c9b943165cb1aa18ec641e8980c8 av-styling- avia-align-center  avia-builder-el-0  el_before_av_textblock  avia-builder-el-first '   itemprop=\"image\" itemscope=\"itemscope\" itemtype=\"https:\/\/schema.org\/ImageObject\" ><div class=\"avia-image-container-inner\"><div class=\"avia-image-overlay-wrap\"><img decoding=\"async\" class='wp-image-1490 avia-img-lazy-loading-not-1490 avia_image ' src=\"https:\/\/ptdl.pl\/ptdl\/wp-content\/uploads\/2023\/05\/ifcc_logo-300x300.png\" alt='' title='ifcc_logo'  height=\"300\" width=\"300\"  itemprop=\"thumbnailUrl\" srcset=\"https:\/\/ptdl.pl\/ptdl\/wp-content\/uploads\/2023\/05\/ifcc_logo-300x300.png 300w, https:\/\/ptdl.pl\/ptdl\/wp-content\/uploads\/2023\/05\/ifcc_logo-80x80.png 80w, https:\/\/ptdl.pl\/ptdl\/wp-content\/uploads\/2023\/05\/ifcc_logo-36x36.png 36w, https:\/\/ptdl.pl\/ptdl\/wp-content\/uploads\/2023\/05\/ifcc_logo-180x180.png 180w, https:\/\/ptdl.pl\/ptdl\/wp-content\/uploads\/2023\/05\/ifcc_logo.png 512w\" sizes=\"(max-width: 300px) 100vw, 300px\" \/><\/div><\/div><\/div>\n<section  class='av_textblock_section av-lh90nkbs-0c000d9e3faff542f5896ec93790b639'  itemscope=\"itemscope\" itemtype=\"https:\/\/schema.org\/CreativeWork\" ><div class='avia_textblock'  itemprop=\"text\" ><p><strong>IFCC \u2013 International Federation of Clinical Chemistry and Laboratory Medicine<\/strong> jest za\u0142o\u017con\u0105 w 1952 roku organizacj\u0105 mi\u0119dzynarodow\u0105 zrzeszaj\u0105c\u0105 aktualnie\u00a0 96 Towarzystw Krajowych Medycyny\/Diagnostyki Laboratoryjnej (pe\u0142noprawnych cz\u0142onk\u00f3w organizacji), 20 afiliowanych Towarzystw i\u00a0 przedstawicieli 52 firm producent\u00f3w diagnostyki <em>in vitro<\/em>. Partnerami regionalnymi IFCC s\u0105 : Afryka\u0144ska Federacja Chemii Klinicznej, Arabska Federacja Biologii Klinicznej, Federacja Biochemii Klinicznej i Medycyny Laboratoryjnej Azji i kraj\u00f3w Pacyfiku, Europejska Federacja Chemii Klinicznej i Medycyny Laboratoryjnej (EFLM), Latynoamaerka\u0144ska Konfederacja Biochemii Klinicznej oraz P\u00f3\u0142nocnoameryka\u0144ska Federacja Chemii Klinicznej i\u00a0Medycyny Laboratoryjnej. Podstawowymi jednostkami funkcjonalnymi IFCC s\u0105: Sekcja Naukowa, Sekcja Edukacji, Sekcja ds. Komunikacji i Publikacji, Sekcja Nowoczesnych technologii oraz Sekcja Kongres\u00f3w i Konferencji naukowych.<\/p>\n<p>W ramach swojej dzia\u0142alno\u015bci dotycz\u0105cej szerzenia nowoczesnej wiedzy dla profesjonalist\u00f3w w dziedzinie medycyny laboratoryjnej IFCC prowadzi powszechnie dost\u0119pn\u0105 platform\u0119 eAcademy, publikuje czasopismo naukowe eJournal IFCC ukazuj\u0105ce si\u0119 w wersji elektronicznej i oficjalnie indeksowane w bazie MEDLINE\/PUBMED oraz publikuje elektroniczny Newsletter IFCCeNews informuj\u0105cy cz\u0142onk\u00f3w o aktualnych dzia\u0142aniach IFCC.<\/p>\n<p>Grupy robocze dzia\u0142aj\u0105ce w ramach Sekcji Naukowej IFCC aktualnie zajmuj\u0105 si\u0119 opracowaniem m.in. standard\u00f3w metod diagnostycznych do oceny funkcji tarczycy, oceny metabolizmu kostnego, metod oznaczania albuminy w moczu, oznaczania insuliny, hormonu wzrostu, troponiny I, bia\u0142ek w p\u0142ynie m\u00f3zgowo-rdzeniowym, prokalcytoniny, peptyd\u00f3w natriuretycznych i bilirubiny noworodkowej.<\/p>\n<p>PTDL jest od lat pe\u0142noprawnym cz\u0142onkiem IFCC reprezentowanym przez Przedstawiciela narodowego (NR) maj\u0105cym prawo udzia\u0142u i g\u0142osowania \u00a0w wyborach w\u0142adz organizacji oraz zg\u0142aszania kandydat\u00f3w do Sekcji i Grup roboczych. Przedstawiciel narodowy PTDL uczestniczy w Konferencjach Generalnych organizacji organizowanych co dwa lata.<\/p>\n<p>Od 2001 r. funkcj\u0119 Przedstawiciela Narodowego PTDL w IFCC pe\u0142ni prof. Gra\u017cyna Odrow\u0105\u017c-Sypniewska, kt\u00f3ra\u00a0 w latach 2006-2013 by\u0142a cz\u0142onkiem\u00a0 Grupy Roboczej (WG- <em>Communication and Publication Division<\/em>),\u00a0 natomiast w 2013 r.\u00a0 by\u0142a przewodnicz\u0105c\u0105 takiej grupy w EFLM.<\/p>\n<p>Prof. Gra\u017cyna Sypniewska w 2013 r. jako przedstawiciel i cz\u0142onek PTDL zosta\u0142a wybrana do Zarz\u0105du EFLM (EFLM <em>Executive Board Member at Large<\/em>) i pe\u0142ni\u0142a t\u0119 funkcj\u0119 przez dwie kadencje w latach 2014-2017. Ponadto zosta\u0142a wybrana jako ekspert EFLM do opracowania wsp\u00f3lnych zalece\u0144, kt\u00f3re ustanowi\u0142y tzw. Joint Consensus of EFLM i European Atherosclerosis Society, dotycz\u0105cy \u201cDiagnostyki i leczenia dyslipidemii\u201d (2015-2018). W okresie 2013-2023 w dzia\u0142ania Grupach\u00a0 roboczych IFCC\u00a0 zaanga\u017cowane by\u0142y 3 cz\u0142onkinie PTDL.<\/p>\n<p><a href=\"https:\/\/ifcc.org\/executive-board-and-council\/council\/full-members\/poland-national-society-pl\/\">https:\/\/ifcc.org\/executive-board-and-council\/council\/full-members\/poland-national-society-pl\/<\/a><\/p>\n<p><a href=\"https:\/\/ifcc.org\/\">https:\/\/ifcc.org\/<\/a><\/p>\n<\/div><\/section>\n","protected":false},"excerpt":{"rendered":"","protected":false},"author":1,"featured_media":0,"parent":0,"menu_order":0,"comment_status":"closed","ping_status":"closed","template":"","meta":{"footnotes":""},"class_list":["post-1489","page","type-page","status-publish","hentry"],"_links":{"self":[{"href":"https:\/\/ptdl.pl\/index.php\/wp-json\/wp\/v2\/pages\/1489","targetHints":{"allow":["GET"]}}],"collection":[{"href":"https:\/\/ptdl.pl\/index.php\/wp-json\/wp\/v2\/pages"}],"about":[{"href":"https:\/\/ptdl.pl\/index.php\/wp-json\/wp\/v2\/types\/page"}],"author":[{"embeddable":true,"href":"https:\/\/ptdl.pl\/index.php\/wp-json\/wp\/v2\/users\/1"}],"replies":[{"embeddable":true,"href":"https:\/\/ptdl.pl\/index.php\/wp-json\/wp\/v2\/comments?post=1489"}],"version-history":[{"count":2,"href":"https:\/\/ptdl.pl\/index.php\/wp-json\/wp\/v2\/pages\/1489\/revisions"}],"predecessor-version":[{"id":1492,"href":"https:\/\/ptdl.pl\/index.php\/wp-json\/wp\/v2\/pages\/1489\/revisions\/1492"}],"wp:attachment":[{"href":"https:\/\/ptdl.pl\/index.php\/wp-json\/wp\/v2\/media?parent=1489"}],"curies":[{"name":"wp","href":"https:\/\/api.w.org\/{rel}","templated":true}]}}