{"id":1707,"date":"2023-05-08T13:21:16","date_gmt":"2023-05-08T11:21:16","guid":{"rendered":"http:\/\/wordpress2363517.home.pl\/ptdl\/?page_id=1707"},"modified":"2023-05-08T13:59:44","modified_gmt":"2023-05-08T11:59:44","slug":"przygotowanie-pacjenta-do-badania-ogolnego-moczu","status":"publish","type":"page","link":"https:\/\/ptdl.pl\/index.php\/strefa-pacjenta\/przygotowanie-pacjenta-do-badania-ogolnego-moczu\/","title":{"rendered":"Przygotowanie pacjenta do badania og\u00f3lnego moczu"},"content":{"rendered":"<p><strong>Przygotowanie pacjenta do badania og\u00f3lnego moczu<\/strong><\/p>\n<ul>\n<li>Dob\u0119 przed pobraniem moczu wskazane jest unikanie nadmiernego, nietypowego dla siebie, wysi\u0142ku fizycznego.<\/li>\n<li>Do badania og\u00f3lnego nale\u017cy pobra\u0107, za wyj\u0105tkiem wskaza\u0144 dora\u017anych, pierwsz\u0105 porann\u0105 pr\u00f3bk\u0119 moczu oddan\u0105 bezpo\u015brednio po spoczynku nocnym trwaj\u0105cym nie mniej ni\u017c 8 godzin, w tym po minimum 4 godzinnym gromadzeniu moczu w\u00a0p\u0119cherzu.<\/li>\n<li>Oddanie moczu poprzedzi\u0107 dok\u0142adnym umyciem okolic zewn\u0119trznego uj\u015bcia cewki moczowej wod\u0105 z myd\u0142em lub \u017celem do higieny intymnej, bez wycierania i u\u017cywania \u015brodk\u00f3w odka\u017caj\u0105cych.<\/li>\n<li>Mocz nale\u017cy pobra\u0107 ze \u015brodkowego strumienia***, w ilo\u015bci 50 \u2013 100 ml, do\u00a0jednorazowego naczynia (zakupionego w aptece) opisanego imieniem i\u00a0nazwiskiem pacjenta. (***Po oddaniu pierwszej porcji ok. 50 ml do muszli klozetowej, podstawi\u0107 pojemnik, odda\u0107 do niego 50 \u2013 100 ml moczu; odstawi\u0107 pojemnik i doko\u0144czy\u0107 oddawanie moczu do toalety. Pierwsza porcja moczu nie nadaje si\u0119 do badania ze wzgl\u0119du na obecno\u015b\u0107 w niej flory bakteryjnej kolonizuj\u0105cej uj\u015bcie cewki moczowej.)<\/li>\n<li><strong>Naczynie szczelnie zamkn\u0105\u0107 i dostarczy\u0107 do Laboratorium w jak najkr\u00f3tszym czasie (nie d\u0142u\u017cszym ni\u017c 2 godziny od momentu pobrania) w godz. 8:00 &#8211; 10:00<\/strong><\/li>\n<\/ul>\n<p>UWAGI:<\/p>\n<ul>\n<li>Je\u017celi nie jest to konieczne, badania og\u00f3lnego moczu nie nale\u017cy wykonywa\u0107 u kobiet w trakcie krwawienia miesi\u0119cznego oraz w okresie 2 \u2013 3 dni przed i po menstruacji.<\/li>\n<\/ul>\n<p>Zaleca si\u0119 zachowanie abstynencji p\u0142ciowej w dniu poprzedzaj\u0105cym pobranie moczu do bada\u0144 laboratoryjnych.<\/p>\n<p>Do pobrania: <a href=\"http:\/\/wordpress2363517.home.pl\/ptdl\/wp-content\/uploads\/2023\/05\/Przygotowanie-pacjenta-do-badania-ogolnego-moczu.pdf\">Przygotowanie pacjenta do badania og\u00f3lnego moczu<\/a><\/p>\n","protected":false},"excerpt":{"rendered":"<p>Przygotowanie pacjenta do badania og\u00f3lnego moczu Dob\u0119 przed pobraniem moczu wskazane jest unikanie nadmiernego, nietypowego dla siebie, wysi\u0142ku fizycznego. Do badania og\u00f3lnego nale\u017cy pobra\u0107, za wyj\u0105tkiem wskaza\u0144 dora\u017anych, pierwsz\u0105 porann\u0105 pr\u00f3bk\u0119 moczu oddan\u0105 bezpo\u015brednio po spoczynku nocnym trwaj\u0105cym nie mniej ni\u017c 8 godzin, w tym po minimum 4 godzinnym gromadzeniu moczu w\u00a0p\u0119cherzu. Oddanie moczu poprzedzi\u0107 [&hellip;]<\/p>\n","protected":false},"author":1,"featured_media":0,"parent":1697,"menu_order":0,"comment_status":"closed","ping_status":"closed","template":"","meta":{"footnotes":""},"class_list":["post-1707","page","type-page","status-publish","hentry"],"_links":{"self":[{"href":"https:\/\/ptdl.pl\/index.php\/wp-json\/wp\/v2\/pages\/1707","targetHints":{"allow":["GET"]}}],"collection":[{"href":"https:\/\/ptdl.pl\/index.php\/wp-json\/wp\/v2\/pages"}],"about":[{"href":"https:\/\/ptdl.pl\/index.php\/wp-json\/wp\/v2\/types\/page"}],"author":[{"embeddable":true,"href":"https:\/\/ptdl.pl\/index.php\/wp-json\/wp\/v2\/users\/1"}],"replies":[{"embeddable":true,"href":"https:\/\/ptdl.pl\/index.php\/wp-json\/wp\/v2\/comments?post=1707"}],"version-history":[{"count":3,"href":"https:\/\/ptdl.pl\/index.php\/wp-json\/wp\/v2\/pages\/1707\/revisions"}],"predecessor-version":[{"id":1741,"href":"https:\/\/ptdl.pl\/index.php\/wp-json\/wp\/v2\/pages\/1707\/revisions\/1741"}],"up":[{"embeddable":true,"href":"https:\/\/ptdl.pl\/index.php\/wp-json\/wp\/v2\/pages\/1697"}],"wp:attachment":[{"href":"https:\/\/ptdl.pl\/index.php\/wp-json\/wp\/v2\/media?parent=1707"}],"curies":[{"name":"wp","href":"https:\/\/api.w.org\/{rel}","templated":true}]}}