{"id":1717,"date":"2023-05-08T13:38:21","date_gmt":"2023-05-08T11:38:21","guid":{"rendered":"http:\/\/wordpress2363517.home.pl\/ptdl\/?page_id=1717"},"modified":"2023-05-08T13:56:56","modified_gmt":"2023-05-08T11:56:56","slug":"przygotowanie-pacjenta-do-doustnego-testu-tolerancji-glukozy","status":"publish","type":"page","link":"https:\/\/ptdl.pl\/index.php\/strefa-pacjenta\/przygotowanie-pacjenta-do-doustnego-testu-tolerancji-glukozy\/","title":{"rendered":"Przygotowanie pacjenta do doustnego testu tolerancji glukozy"},"content":{"rendered":"<p><strong>Przygotowanie pacjenta do doustnego testu tolerancji glukozy<\/strong><\/p>\n<ul>\n<li>Badanie jest wykonywane u os\u00f3b:<\/li>\n<\/ul>\n<ol>\n<li>z podejrzeniem wyst\u0119powania cukrzycy b\u0105d\u017a nieprawid\u0142owej tolerancji glukozy;<\/li>\n<li>z nieprawid\u0142owym poziomem glukozy na czczo 5,6 \u2013 6,9 mmol\/l;<\/li>\n<li>z cechami zespo\u0142u metabolicznego (oty\u0142o\u015b\u0107 brzuszna, zbyt wysokie st\u0119\u017cenie trigliceryd\u00f3w, podwy\u017cszone ci\u015bnienie t\u0119tnicze, zbyt niskie st\u0119\u017cenie HDL-cholesterolu) przy prawid\u0142owym st\u0119\u017ceniu glukozy na czczo;<\/li>\n<li>u ka\u017cdej kobiety mi\u0119dzy 24. a 28. tygodniem ci\u0105\u017cy.<\/li>\n<\/ol>\n<ul>\n<li><u>Testu nie nale\u017cy wykonywa\u0107 w czasie ostrej choroby i bezpo\u015brednio po niej<\/u>.<\/li>\n<li>3 dni przed badaniem nale\u017cy zachowa\u0107 typow\u0105 diet\u0119 \u2013 spo\u017cycie w\u0119glowodan\u00f3w nie powinno by\u0107 mniejsze ni\u017c 150 g na dob\u0119.<\/li>\n<li>Przed wykonaniem testu nie nale\u017cy stosowa\u0107 lek\u00f3w: glukokortykosteroid\u00f3w, diuretyk\u00f3w tiazydowych, preparat\u00f3w antykoncepcyjnych, hipotensyjnych, przeczyszczaj\u0105cych, barbituran\u00f3w, \u015brodk\u00f3w uspokajaj\u0105cych, salicylan\u00f3w, witaminy C.<\/li>\n<li>Nale\u017cy by\u0107 wypocz\u0119tym, po przespanej nocy.<\/li>\n<li>Test wykonuje si\u0119 rano, na czczo, od 8 do max 14 godzin od spo\u017cycia ostatniego posi\u0142ku.<\/li>\n<li>Podczas testu nie mo\u017cna przyjmowa\u0107 posi\u0142k\u00f3w i p\u0142yn\u00f3w, pali\u0107 papieros\u00f3w.<\/li>\n<li>Przez ca\u0142y okres testu (<u>2 godziny<\/u>) nale\u017cy przebywa\u0107 w miejscu jego wykonywania.<\/li>\n<\/ul>\n<p>Wykonanie testu:<\/p>\n<ol>\n<li>Pobranie na czczo pr\u00f3bki krwi \u017cylnej i oznaczenie poziomu glukozy.<\/li>\n<li>Podanie pacjentowi do wypicia w ci\u0105gu 3-5 minut 75 gram\u00f3w glukozy rozpuszczonej w 250 \u2013 300 ml wody.<\/li>\n<li>Pobranie drugiej pr\u00f3bki krwi \u017cylnej po 120 minutach od podania roztworu glukozy.<\/li>\n<\/ol>\n<p>Do pobrania: <a href=\"http:\/\/wordpress2363517.home.pl\/ptdl\/wp-content\/uploads\/2023\/05\/Przygotowanie-pacjenta-do-doustnego-testu-tolerancji-glukozy.pdf\">Przygotowanie pacjenta do doustnego testu tolerancji glukozy<\/a><\/p>\n","protected":false},"excerpt":{"rendered":"<p>Przygotowanie pacjenta do doustnego testu tolerancji glukozy Badanie jest wykonywane u os\u00f3b: z podejrzeniem wyst\u0119powania cukrzycy b\u0105d\u017a nieprawid\u0142owej tolerancji glukozy; z nieprawid\u0142owym poziomem glukozy na czczo 5,6 \u2013 6,9 mmol\/l; z cechami zespo\u0142u metabolicznego (oty\u0142o\u015b\u0107 brzuszna, zbyt wysokie st\u0119\u017cenie trigliceryd\u00f3w, podwy\u017cszone ci\u015bnienie t\u0119tnicze, zbyt niskie st\u0119\u017cenie HDL-cholesterolu) przy prawid\u0142owym st\u0119\u017ceniu glukozy na czczo; u ka\u017cdej [&hellip;]<\/p>\n","protected":false},"author":1,"featured_media":0,"parent":1697,"menu_order":0,"comment_status":"closed","ping_status":"closed","template":"","meta":{"footnotes":""},"class_list":["post-1717","page","type-page","status-publish","hentry"],"_links":{"self":[{"href":"https:\/\/ptdl.pl\/index.php\/wp-json\/wp\/v2\/pages\/1717","targetHints":{"allow":["GET"]}}],"collection":[{"href":"https:\/\/ptdl.pl\/index.php\/wp-json\/wp\/v2\/pages"}],"about":[{"href":"https:\/\/ptdl.pl\/index.php\/wp-json\/wp\/v2\/types\/page"}],"author":[{"embeddable":true,"href":"https:\/\/ptdl.pl\/index.php\/wp-json\/wp\/v2\/users\/1"}],"replies":[{"embeddable":true,"href":"https:\/\/ptdl.pl\/index.php\/wp-json\/wp\/v2\/comments?post=1717"}],"version-history":[{"count":3,"href":"https:\/\/ptdl.pl\/index.php\/wp-json\/wp\/v2\/pages\/1717\/revisions"}],"predecessor-version":[{"id":1732,"href":"https:\/\/ptdl.pl\/index.php\/wp-json\/wp\/v2\/pages\/1717\/revisions\/1732"}],"up":[{"embeddable":true,"href":"https:\/\/ptdl.pl\/index.php\/wp-json\/wp\/v2\/pages\/1697"}],"wp:attachment":[{"href":"https:\/\/ptdl.pl\/index.php\/wp-json\/wp\/v2\/media?parent=1717"}],"curies":[{"name":"wp","href":"https:\/\/api.w.org\/{rel}","templated":true}]}}