{"id":1775,"date":"2023-11-27T15:09:06","date_gmt":"2023-11-27T14:09:06","guid":{"rendered":"http:\/\/wordpress2363517.home.pl\/ptdl\/?page_id=1775"},"modified":"2026-01-19T07:47:50","modified_gmt":"2026-01-19T06:47:50","slug":"oddzial-gdansk","status":"publish","type":"page","link":"https:\/\/ptdl.pl\/index.php\/oddzial-gdansk\/","title":{"rendered":"Oddzia\u0142 Gda\u0144sk"},"content":{"rendered":"<div class='flex_column av-bbwrj-64d2880b1c12e65686a0081720ad9992 av_one_full  avia-builder-el-0  el_before_av_two_third  avia-builder-el-first  first flex_column_div '     ><section  class='av_textblock_section av-lecvcq6o-91aefef4f12c7a920c40a9efc4af9382'  itemscope=\"itemscope\" itemtype=\"https:\/\/schema.org\/CreativeWork\" ><div class='avia_textblock mp-naglowek-specjalny1-class'  itemprop=\"text\" ><p>Oddzia\u0142 Gda\u0144sk<\/p>\n<hr \/>\n<\/div><\/section><\/div>\n<div class='flex_column av-ftu8n-11ae29f94e6bb6bd1c929d4954d46185 av_two_third  avia-builder-el-2  el_after_av_one_full  el_before_av_one_third  first flex_column_div column-top-margin'     ><style type=\"text\/css\" data-created_by=\"avia_inline_auto\" id=\"style-css-av-lepnto4h-70e6ede7b8f0192918957318ecefb215\">\n#top .av_textblock_section.av-lepnto4h-70e6ede7b8f0192918957318ecefb215 .avia_textblock{\nfont-size:24px;\n}\n<\/style>\n<section  class='av_textblock_section av-lepnto4h-70e6ede7b8f0192918957318ecefb215'  itemscope=\"itemscope\" itemtype=\"https:\/\/schema.org\/CreativeWork\" ><div class='avia_textblock mp-naglowek-specjalny1-class'  itemprop=\"text\" ><div class=\"unit lastUnit\">\n<div class=\"division-address\">\n<div>\n<p><strong>GUMed<\/strong><br \/>\nD\u0119binki 7<br \/>\n80-211 Gda\u0144sk<\/p>\n<\/div>\n<div class=\"address\"><\/div>\n<\/div>\n<\/div>\n<\/div><\/section><br \/>\n\n<style type=\"text\/css\" data-created_by=\"avia_inline_auto\" id=\"style-css-av-leqxymxb-2409c70095b11b5606b80696bf2225b0\">\n@-webkit-keyframes av_boxShadowEffect_av-leqxymxb-2409c70095b11b5606b80696bf2225b0 {\n0%   { box-shadow:  0 0 0 0 ; opacity: 1; }\n100% { box-shadow:  0 0 10px 0 ; opacity: 1; }\n}\n@keyframes av_boxShadowEffect_av-leqxymxb-2409c70095b11b5606b80696bf2225b0 {\n0%   { box-shadow:  0 0 0 0 ; opacity: 1; }\n100% { box-shadow:  0 0 10px 0 ; opacity: 1; }\n}\n.avia_transform .avia-image-container.av-leqxymxb-2409c70095b11b5606b80696bf2225b0{\n-webkit-animation-duration:2s;\n-moz-animation-duration:2s;\nanimation-duration:2s;\n}\n.avia-image-container.av-leqxymxb-2409c70095b11b5606b80696bf2225b0 img.avia_image{\nbox-shadow: 0 0 10px 0 ;\n}\n.avia-image-container.av-leqxymxb-2409c70095b11b5606b80696bf2225b0 .av-image-caption-overlay-center{\ncolor:#ffffff;\n}\n<\/style>\n<div  class='avia-image-container av-leqxymxb-2409c70095b11b5606b80696bf2225b0 av-styling- avia_animated_image av-animated-when-visible-95 fade-in-left avia-align-center  avia-builder-el-4  el_after_av_textblock  el_before_av_hr  av-img-box-shadow av-box-shadow-not-animated'   itemprop=\"image\" itemscope=\"itemscope\" itemtype=\"https:\/\/schema.org\/ImageObject\" ><div class=\"avia-image-container-inner\"><div class=\"avia-image-overlay-wrap\"><img decoding=\"async\" class='wp-image-2059 avia-img-lazy-loading-not-2059 avia_image shadow-not-animated' src=\"https:\/\/ptdl.pl\/ptdl\/wp-content\/uploads\/2024\/01\/oddzial_gdansk-845x430.jpg\" alt='' title='oddzial_gdansk'  height=\"430\" width=\"845\"  itemprop=\"thumbnailUrl\"  \/><\/div><\/div><\/div><br \/>\n<div  class='hr av-3gkv-ad7e794586a7799e183f5a9542000a2e hr-default  avia-builder-el-5  el_after_av_image  el_before_av_textblock '><span class='hr-inner '><span class=\"hr-inner-style\"><\/span><\/span><\/div><br \/>\n<section  class='av_textblock_section av-lepr8ob1-491be447289dde8da5c2ea4b6ad31da1'  itemscope=\"itemscope\" itemtype=\"https:\/\/schema.org\/CreativeWork\" ><div class='avia_textblock mp-naglowek-specjalny1-class'  itemprop=\"text\" ><p style=\"text-align: center;\">Aktualno\u015bci Oddzia\u0142u<\/p>\n<hr \/>\n<\/div><\/section><br \/>\n<div  id=\"avia-magazine-1\"  class='av-magazine av-ler753zq-5f4c527046f7246381a54bd2c962493b  avia-builder-el-7  el_after_av_textblock  avia-builder-el-last   avia-builder-el-7  el_after_av_textblock  avia-builder-el-last ' ><div class='av-magazine-group sort_all'><article class='av-magazine-entry av-magazine-entry-id-6109 av-magazine-format-standard av-magazine-type-post av-magazine-entry-1 av-magazine-entry-small '  itemscope=\"itemscope\" itemtype=\"https:\/\/schema.org\/CreativeWork\" ><div class=\"av-magazine-thumbnail\"><a href='https:\/\/ptdl.pl\/index.php\/2026\/04\/22\/zebranie-sprawozdawczo-wyborcze-oddzialu-gdanskiego-ptdl\/' title='Link to: Zebranie Sprawozdawczo-Wyborcze Oddzia\u0142u gda\u0144skiego PTDL' class='iconfont av-magazine-entry-icon' aria-hidden='true' data-av_icon='\ue836' data-av_iconfont='entypo-fontello'><\/a><\/div><div class=\"av-magazine-content-wrap\"><header class=\"entry-content-header\"><time class='av-magazine-time updated'  itemprop=\"datePublished\" datetime=\"2026-04-22T08:32:46+02:00\" >2026-04-22<\/time><h3 class='av-magazine-title entry-title '  itemprop=\"headline\" ><a href='https:\/\/ptdl.pl\/index.php\/2026\/04\/22\/zebranie-sprawozdawczo-wyborcze-oddzialu-gdanskiego-ptdl\/' title='Link to: Zebranie Sprawozdawczo-Wyborcze Oddzia\u0142u gda\u0144skiego PTDL'>Zebranie Sprawozdawczo-Wyborcze Oddzia\u0142u gda\u0144skiego PTDL<\/a><\/h3><\/header><\/div><footer class=\"entry-footer\"><\/footer><\/article><article class='av-magazine-entry av-magazine-entry-id-5955 av-magazine-format-standard av-magazine-type-post av-magazine-entry-2 av-magazine-entry-small '  itemscope=\"itemscope\" itemtype=\"https:\/\/schema.org\/CreativeWork\" ><div class=\"av-magazine-thumbnail\"><a href='https:\/\/ptdl.pl\/index.php\/2026\/04\/02\/zyczenia-wielkanocne-2\/' title='Link to: \u017byczenia Wielkanocne' class='av-magazine-thumbnail-link'><img decoding=\"async\" width=\"80\" height=\"80\" src=\"https:\/\/ptdl.pl\/ptdl\/wp-content\/uploads\/2026\/04\/GMuAomVCSPmBymix-80x80.jpg\" class=\"wp-image-5956 avia-img-lazy-loading-not-5956 attachment-thumbnail size-thumbnail wp-post-image\" alt=\"\" srcset=\"https:\/\/ptdl.pl\/ptdl\/wp-content\/uploads\/2026\/04\/GMuAomVCSPmBymix-80x80.jpg 80w, https:\/\/ptdl.pl\/ptdl\/wp-content\/uploads\/2026\/04\/GMuAomVCSPmBymix-36x36.jpg 36w, https:\/\/ptdl.pl\/ptdl\/wp-content\/uploads\/2026\/04\/GMuAomVCSPmBymix-180x180.jpg 180w\" sizes=\"(max-width: 80px) 100vw, 80px\" \/><\/a><\/div><div class=\"av-magazine-content-wrap\"><header class=\"entry-content-header\"><time class='av-magazine-time updated'  itemprop=\"datePublished\" datetime=\"2026-04-02T11:04:17+02:00\" >2026-04-02<\/time><h3 class='av-magazine-title entry-title '  itemprop=\"headline\" ><a href='https:\/\/ptdl.pl\/index.php\/2026\/04\/02\/zyczenia-wielkanocne-2\/' title='Link to: \u017byczenia Wielkanocne'>\u017byczenia Wielkanocne<\/a><\/h3><\/header><\/div><footer class=\"entry-footer\"><\/footer><\/article><article class='av-magazine-entry av-magazine-entry-id-5753 av-magazine-format-standard av-magazine-type-post av-magazine-entry-3 av-magazine-entry-small '  itemscope=\"itemscope\" itemtype=\"https:\/\/schema.org\/CreativeWork\" ><div class=\"av-magazine-thumbnail\"><a href='https:\/\/ptdl.pl\/index.php\/2026\/03\/04\/konferencja-naukowo-szkoleniowa-xii-pomorskie-spotkania-z-diagnostyka-2026\/' title='Link to: Konferencja Naukowo-Szkoleniowa &#8222;XII Pomorskie Spotkania z Diagnostyk\u0105&#8221; 2026' class='iconfont av-magazine-entry-icon' aria-hidden='true' data-av_icon='\ue836' data-av_iconfont='entypo-fontello'><\/a><\/div><div class=\"av-magazine-content-wrap\"><header class=\"entry-content-header\"><time class='av-magazine-time updated'  itemprop=\"datePublished\" datetime=\"2026-03-04T12:52:12+01:00\" >2026-03-04<\/time><h3 class='av-magazine-title entry-title '  itemprop=\"headline\" ><a href='https:\/\/ptdl.pl\/index.php\/2026\/03\/04\/konferencja-naukowo-szkoleniowa-xii-pomorskie-spotkania-z-diagnostyka-2026\/' title='Link to: Konferencja Naukowo-Szkoleniowa &#8222;XII Pomorskie Spotkania z Diagnostyk\u0105&#8221; 2026'>Konferencja Naukowo-Szkoleniowa &#8222;XII Pomorskie Spotkania z Diagnostyk\u0105&#8221; 2026<\/a><\/h3><\/header><\/div><footer class=\"entry-footer\"><\/footer><\/article><article class='av-magazine-entry av-magazine-entry-id-5411 av-magazine-format-standard av-magazine-type-post av-magazine-entry-4 av-magazine-entry-small '  itemscope=\"itemscope\" itemtype=\"https:\/\/schema.org\/CreativeWork\" ><div class=\"av-magazine-thumbnail\"><a href='https:\/\/ptdl.pl\/index.php\/2025\/10\/29\/zebranie-naukowo-szkoleniowe-oddzialu-gdanskiego-ptdl-06-11-2025\/' title='Link to: Zebranie naukowo-szkoleniowe Oddzia\u0142u Gda\u0144skiego PTDL 06.11.2025' class='iconfont av-magazine-entry-icon' aria-hidden='true' data-av_icon='\ue836' data-av_iconfont='entypo-fontello'><\/a><\/div><div class=\"av-magazine-content-wrap\"><header class=\"entry-content-header\"><time class='av-magazine-time updated'  itemprop=\"datePublished\" datetime=\"2025-10-29T07:35:13+01:00\" >2025-10-29<\/time><h3 class='av-magazine-title entry-title '  itemprop=\"headline\" ><a href='https:\/\/ptdl.pl\/index.php\/2025\/10\/29\/zebranie-naukowo-szkoleniowe-oddzialu-gdanskiego-ptdl-06-11-2025\/' title='Link to: Zebranie naukowo-szkoleniowe Oddzia\u0142u Gda\u0144skiego PTDL 06.11.2025'>Zebranie naukowo-szkoleniowe Oddzia\u0142u Gda\u0144skiego PTDL 06.11.2025<\/a><\/h3><\/header><\/div><footer class=\"entry-footer\"><\/footer><\/article><article class='av-magazine-entry av-magazine-entry-id-4912 av-magazine-format-standard av-magazine-type-post av-magazine-entry-5 av-magazine-entry-small '  itemscope=\"itemscope\" itemtype=\"https:\/\/schema.org\/CreativeWork\" ><div class=\"av-magazine-thumbnail\"><a href='https:\/\/ptdl.pl\/index.php\/2025\/05\/19\/odeszla-maria-sychowska\/' title='Link to: Odesz\u0142a Maria Sychowska' class='av-magazine-thumbnail-link'><img decoding=\"async\" width=\"80\" height=\"80\" src=\"https:\/\/ptdl.pl\/ptdl\/wp-content\/uploads\/2025\/05\/Bez-nazwy-80x80.jpg\" class=\"wp-image-4913 avia-img-lazy-loading-not-4913 attachment-thumbnail size-thumbnail wp-post-image\" alt=\"\" srcset=\"https:\/\/ptdl.pl\/ptdl\/wp-content\/uploads\/2025\/05\/Bez-nazwy-80x80.jpg 80w, https:\/\/ptdl.pl\/ptdl\/wp-content\/uploads\/2025\/05\/Bez-nazwy-36x36.jpg 36w, https:\/\/ptdl.pl\/ptdl\/wp-content\/uploads\/2025\/05\/Bez-nazwy-180x180.jpg 180w\" sizes=\"(max-width: 80px) 100vw, 80px\" \/><\/a><\/div><div class=\"av-magazine-content-wrap\"><header class=\"entry-content-header\"><time class='av-magazine-time updated'  itemprop=\"datePublished\" datetime=\"2025-05-19T13:06:52+02:00\" >2025-05-19<\/time><h3 class='av-magazine-title entry-title '  itemprop=\"headline\" ><a href='https:\/\/ptdl.pl\/index.php\/2025\/05\/19\/odeszla-maria-sychowska\/' title='Link to: Odesz\u0142a Maria Sychowska'>Odesz\u0142a Maria Sychowska<\/a><\/h3><\/header><\/div><footer class=\"entry-footer\"><\/footer><\/article><\/div><div class='av-masonry-pagination av-masonry-pagination-pagination'><nav class='pagination'><span class='pagination-meta'>Strona 1 z 4<\/span><span class='current'>1<\/span><a href='https:\/\/ptdl.pl\/index.php\/wp-json\/wp\/v2\/pages\/1775\/?avia-element-paging=2' class='inactive next_page' >2<\/a><a href='https:\/\/ptdl.pl\/index.php\/wp-json\/wp\/v2\/pages\/1775\/?avia-element-paging=3' class='inactive' >3<\/a><a href='https:\/\/ptdl.pl\/index.php\/wp-json\/wp\/v2\/pages\/1775\/?avia-element-paging=4' class='inactive' >4<\/a><\/nav>\n<\/div><\/div><\/p><\/div>\n<div class='flex_column av-9njxb-7e13e76db42024df501517fd059c3eb7 av_one_third  avia-builder-el-8  el_after_av_two_third  avia-builder-el-last  flex_column_div column-top-margin'     ><section  class='av_textblock_section av-lepr8agv-482b0303bb421e7a1e81649c42def1d5'  itemscope=\"itemscope\" itemtype=\"https:\/\/schema.org\/CreativeWork\" ><div class='avia_textblock mp-naglowek-specjalny1-class'  itemprop=\"text\" ><p style=\"text-align: center;\">Aktualne sk\u0142adki<\/p>\n<hr \/>\n<\/div><\/section><br \/>\n<section  class='av_textblock_section av-2ki5mn-8f877c964e9829716fa0d2823b4a7239'  itemscope=\"itemscope\" itemtype=\"https:\/\/schema.org\/CreativeWork\" ><div class='avia_textblock'  itemprop=\"text\" ><p style=\"text-align: center;\">Sk\u0142adka wynosi<br \/>\n<span style=\"font-size: 14pt;\"><strong>100 z\u0142<\/strong>,<\/span><br \/>\ndla emeryt\u00f3w<br \/>\n<span style=\"font-size: 14pt;\"><strong>20 z\u0142<\/strong>.<\/span><\/p>\n<p style=\"text-align: justify;\">W zwi\u0105zku z uruchomieniem nowej strony PTDL wraz z systemem obs\u0142ugi sk\u0142adek cz\u0142onkowskich uprzejmie prosimy <strong>o<\/strong> <strong>powt\u00f3rn\u0105 rejestracj\u0119 wszystkich cz\u0142onk\u00f3w Towarzystwa<\/strong>. Prosimy dokona\u0107 rejestracji <strong>PRZED op\u0142aceniem sk\u0142adki cz\u0142onkowskiej<\/strong>.<br \/>\nPo zarejestrowaniu, zalecamy op\u0142aci\u0107 sk\u0142adk\u0119 cz\u0142onkowsk\u0105 poprzez nowy system \u2013 dzi\u0119ki temu sk\u0142adki s\u0105 automatycznie rejestrowane w systemie. Alternatywnie, istnieje w dalszym ci\u0105gu mo\u017cliwo\u015b\u0107 op\u0142acenia tradycyjnym przelewem na konto Oddzia\u0142u Terenowego.<\/p>\n<\/div><\/section><br \/>\n<div  class='avia-button-wrap avia-button-center  avia-builder-el-11  el_after_av_textblock  el_before_av_textblock '>\n<style type=\"text\/css\" data-created_by=\"avia_inline_auto\" id=\"style-css-av-6tnyn-78c5cb121c64239edf92b9977d5281a3\">\n#top #wrap_all .avia-button.av-6tnyn-78c5cb121c64239edf92b9977d5281a3:hover{\ncolor:white;\n-webkit-transition:all 0.4s ease-in-out;\n-moz-transition:all 0.4s ease-in-out;\n-ms-transition:all 0.4s ease-in-out;\n-o-transition:all 0.4s ease-in-out;\ntransition:all 0.4s ease-in-out;\n}\n<\/style>\n<a href='https:\/\/ptdl.sorga.pl' class='avia-color-theme-color avia-font-color-theme-color avia-button avia-button-fullwidth av-6tnyn-78c5cb121c64239edf92b9977d5281a3 avia-icon_select-no avia-color-theme-color'  ><span class='avia_iconbox_title' >Rejestracja\/logowanie<\/span><span class='avia_button_background avia-button avia-button-fullwidth avia-color-theme-color-highlight'><\/span><\/a><\/div><br \/>\n<section  class='av_textblock_section av-lepr7rdn-2ddb37f29fda9955929607b5ebb4d7e8'  itemscope=\"itemscope\" itemtype=\"https:\/\/schema.org\/CreativeWork\" ><div class='avia_textblock'  itemprop=\"text\" ><p style=\"text-align: center;\">Numer rachunku bankowego:<\/p>\n<p style=\"text-align: center;\"><strong><span style=\"font-size: 14pt;\">PKO BP SA Oddzia\u0142 w Gda\u0144sku<\/span><\/strong><br \/>\n<strong><span style=\"font-size: 14pt;\">75 1020 1811 0000 0102 0164 7106<\/span><\/strong><\/p>\n<p style=\"text-align: center;\">W tytule p\u0142atno\u015bci prosz\u0119 wpisa\u0107: imi\u0119 i nazwisko cz\u0142onka PTDL op\u0142acaj\u0105cego sk\u0142adk\u0119\/sk\u0142adki; rok\/lata, za kt\u00f3ry\/kt\u00f3re op\u0142acana jest sk\u0142adka\/sk\u0142adki.<\/p>\n<p style=\"text-align: center;\"><strong>PROSIMY O WP\u0141AT\u0118 DO KO\u0143CA LUTEGO 2024 ROKU !<\/strong><\/p>\n<\/div><\/section><br \/>\n<div  class='hr av-b52mf-292f5e350f97db2a46698507c72611aa hr-default  avia-builder-el-13  el_after_av_textblock  el_before_av_textblock '><span class='hr-inner '><span class=\"hr-inner-style\"><\/span><\/span><\/div><br \/>\n<section  class='av_textblock_section av-leqs64ut-312ac74e5bbc787464a46a66f5cfe795'  itemscope=\"itemscope\" itemtype=\"https:\/\/schema.org\/CreativeWork\" ><div class='avia_textblock mp-naglowek-specjalny1-class'  itemprop=\"text\" ><p style=\"text-align: center;\">Zarz\u0105d Oddzia\u0142u<\/p>\n<\/div><\/section><br \/>\n<div  class='togglecontainer av-lepmmq0p-ca1328243295a851c6fd36a11a691c27  avia-builder-el-15  el_after_av_textblock  avia-builder-el-last  toggle_close_all' >\n<section class='av_toggle_section av-lepmm4dl-1-1-a0c669be52a34328f4a663ddb0a7eda2'  itemscope=\"itemscope\" itemtype=\"https:\/\/schema.org\/CreativeWork\" ><div role=\"tablist\" class=\"single_toggle\" data-tags=\"{Wszystko} \"  ><p data-fake-id='#toggle-id-1' class='toggler   '  itemprop=\"headline\"  role='tab' tabindex='0' aria-controls='toggle-id-1'><b>Przewodnicz\u0105ca<\/b><br \/>\ndr hab. Agnieszka Jankowska-Kulawy<span class=\"toggle_icon\"><span class=\"vert_icon\"><\/span><span class=\"hor_icon\"><\/span><\/span><\/p><div id='toggle-id-1' class='toggle_wrap  '  ><div class='toggle_content invers-color '  itemprop=\"text\" ><p><strong>Zak\u0142ad Medycyny Laboratoryjnej Katedra Biochemii Klinicznej Gda\u0144ski Uniwersytet Medyczny<\/strong><br \/>\nDebinki 7, 80-211, Gda\u0144sk<br \/>\naja@gumed.edu.pl<br \/>\nTelefon: 583492775, 604349018<br \/>\nFax: 583492784<\/p>\n<\/div><\/div><\/div><\/section>\n<section class='av_toggle_section av-lepmm4dl-1-1-3-3327ac8c15a90d92f5360bea3082bd96'  itemscope=\"itemscope\" itemtype=\"https:\/\/schema.org\/CreativeWork\" ><div role=\"tablist\" class=\"single_toggle\" data-tags=\"{Wszystko} \"  ><p data-fake-id='#toggle-id-2' class='toggler   '  itemprop=\"headline\"  role='tab' tabindex='0' aria-controls='toggle-id-2'><b>Wiceprzewodnicz\u0105ca <\/b><br \/>\ndr med. Anna Raszeja-Specht<span class=\"toggle_icon\"><span class=\"vert_icon\"><\/span><span class=\"hor_icon\"><\/span><\/span><\/p><div id='toggle-id-2' class='toggle_wrap  '  ><div class='toggle_content invers-color '  itemprop=\"text\" ><p><strong>Zak\u0142ad Medycyny Laboratoryjnej Katedra Biochemii Klinicznej Gda\u0144ski Uniwersytet Medyczny Emeryt<\/strong><br \/>\nDebinki 7,80-211, Gda\u0144sk<br \/>\nrasz@gumed.edu.pl<br \/>\nTelefon: 58-3492754,660434721<\/p>\n<\/div><\/div><\/div><\/section>\n<section class='av_toggle_section av-lepmm4dl-1-1-2-8b0c49512ee1429289e1d1186a06a057'  itemscope=\"itemscope\" itemtype=\"https:\/\/schema.org\/CreativeWork\" ><div role=\"tablist\" class=\"single_toggle\" data-tags=\"{Wszystko} \"  ><p data-fake-id='#toggle-id-3' class='toggler   '  itemprop=\"headline\"  role='tab' tabindex='0' aria-controls='toggle-id-3'><b>Sekretarz<\/b><br \/>\ndr n. med. Anna Skibowska-Bieli\u0144ska<span class=\"toggle_icon\"><span class=\"vert_icon\"><\/span><span class=\"hor_icon\"><\/span><\/span><\/p><div id='toggle-id-3' class='toggle_wrap  '  ><div class='toggle_content invers-color '  itemprop=\"text\" ><p><strong>Centralne Laboratorium Kliniczne UCML UCK<\/strong><br \/>\nDebinki 7,80-211, Gda\u0144sk<br \/>\n<a href=\"mailto:aski@gumed.edu.pl\">aski@gumed.edu.pl<\/a><br \/>\nTelefon: 58-349-27-57<br \/>\nFax: 58-349-27-72<\/p>\n<\/div><\/div><\/div><\/section>\n<section class='av_toggle_section av-lepmkvs1-d24523ecd3024b84367d8df72456c42a'  itemscope=\"itemscope\" itemtype=\"https:\/\/schema.org\/CreativeWork\" ><div role=\"tablist\" class=\"single_toggle\" data-tags=\"{Wszystko} \"  ><p data-fake-id='#toggle-id-4' class='toggler   '  itemprop=\"headline\"  role='tab' tabindex='0' aria-controls='toggle-id-4'><b>Skarbnik<\/b><br \/>\ndr n. med. Joanna Klimaszewska-\u0141ata<span class=\"toggle_icon\"><span class=\"vert_icon\"><\/span><span class=\"hor_icon\"><\/span><\/span><\/p><div id='toggle-id-4' class='toggle_wrap  '  ><div class='toggle_content invers-color '  itemprop=\"text\" ><p><strong>Zak\u0142ad Medycyny Laboratoryjnej Katedra Biochemii Klinicznej Gda\u0144ski Uniwersytet Medyczny<\/strong><br \/>\nDebinki 7, 80-211, Gda\u0144sk<br \/>\njoannaklimaszewska@gumed.edu.pl<br \/>\nTelefon: 602533585<\/p>\n<\/div><\/div><\/div><\/section>\n<section class='av_toggle_section av-lepmm4dl-3-0ca2b67a433d5daed9d82e11dfc8cc97'  itemscope=\"itemscope\" itemtype=\"https:\/\/schema.org\/CreativeWork\" ><div role=\"tablist\" class=\"single_toggle\" data-tags=\"{Wszystko} \"  ><p data-fake-id='#toggle-id-5' class='toggler   '  itemprop=\"headline\"  role='tab' tabindex='0' aria-controls='toggle-id-5'><b>Cz\u0142onek Zarz\u0105du<\/b><br \/>\nmgr Krzysztof \u0141angowski<span class=\"toggle_icon\"><span class=\"vert_icon\"><\/span><span class=\"hor_icon\"><\/span><\/span><\/p><div id='toggle-id-5' class='toggle_wrap  '  ><div class='toggle_content invers-color '  itemprop=\"text\" ><\/div><\/div><\/div><\/section>\n<section class='av_toggle_section av-lepmm4dl-2-ba31096afb0ae3d42fb0c95a4b5d1e82'  itemscope=\"itemscope\" itemtype=\"https:\/\/schema.org\/CreativeWork\" ><div role=\"tablist\" class=\"single_toggle\" data-tags=\"{Wszystko} \"  ><p data-fake-id='#toggle-id-6' class='toggler   '  itemprop=\"headline\"  role='tab' tabindex='0' aria-controls='toggle-id-6'><b>Cz\u0142onek Zarz\u0105du<\/b><br \/>\ndr hab. n. med. Anna Michno<span class=\"toggle_icon\"><span class=\"vert_icon\"><\/span><span class=\"hor_icon\"><\/span><\/span><\/p><div id='toggle-id-6' class='toggle_wrap  '  ><div class='toggle_content invers-color '  itemprop=\"text\" ><div class=\"phones\"><\/div>\n<\/div><\/div><\/div><\/section>\n<section class='av_toggle_section av-lepmm4dl-12e7cd50776a87c4c07462af7e5731c4'  itemscope=\"itemscope\" itemtype=\"https:\/\/schema.org\/CreativeWork\" ><div role=\"tablist\" class=\"single_toggle\" data-tags=\"{Wszystko} \"  ><p data-fake-id='#toggle-id-7' class='toggler   '  itemprop=\"headline\"  role='tab' tabindex='0' aria-controls='toggle-id-7'><b>Cz\u0142onek Zarz\u0105du<\/b><br \/>\ndr n. farm. Gabriela Langner<span class=\"toggle_icon\"><span class=\"vert_icon\"><\/span><span class=\"hor_icon\"><\/span><\/span><\/p><div id='toggle-id-7' class='toggle_wrap  '  ><div class='toggle_content invers-color '  itemprop=\"text\" ><\/div><\/div><\/div><\/section>\n<section class='av_toggle_section av-lepmm4dl-1-4-3848673ab1a4511a32c02540334ed59f'  itemscope=\"itemscope\" itemtype=\"https:\/\/schema.org\/CreativeWork\" ><div role=\"tablist\" class=\"single_toggle\" data-tags=\"{Wszystko} \"  ><p data-fake-id='#toggle-id-8' class='toggler   '  itemprop=\"headline\"  role='tab' tabindex='0' aria-controls='toggle-id-8'><b>Przewodnicz\u0105cy Komisji Rewizyjnej<\/b><br \/>\nmgr Halina Lipska<span class=\"toggle_icon\"><span class=\"vert_icon\"><\/span><span class=\"hor_icon\"><\/span><\/span><\/p><div id='toggle-id-8' class='toggle_wrap  '  ><div class='toggle_content invers-color '  itemprop=\"text\" ><\/div><\/div><\/div><\/section>\n<section class='av_toggle_section av-lepmm4dl-1-2-1-a5cadb34d59ace7783e17e9353368179'  itemscope=\"itemscope\" itemtype=\"https:\/\/schema.org\/CreativeWork\" ><div role=\"tablist\" class=\"single_toggle\" data-tags=\"{Wszystko} \"  ><p data-fake-id='#toggle-id-9' class='toggler   '  itemprop=\"headline\"  role='tab' tabindex='0' aria-controls='toggle-id-9'><b>Cz\u0142onek Komisji Rewizyjnej<\/b><br \/>\nmgr Gra\u017cyna Pa\u0142asz<span class=\"toggle_icon\"><span class=\"vert_icon\"><\/span><span class=\"hor_icon\"><\/span><\/span><\/p><div id='toggle-id-9' class='toggle_wrap  '  ><div class='toggle_content invers-color '  itemprop=\"text\" ><\/div><\/div><\/div><\/section>\n<section class='av_toggle_section av-lepmm4dl-1-2-71ca6e07bd9b854fdcb65aaf190a48c9'  itemscope=\"itemscope\" itemtype=\"https:\/\/schema.org\/CreativeWork\" ><div role=\"tablist\" class=\"single_toggle\" data-tags=\"{Wszystko} \"  ><p data-fake-id='#toggle-id-10' class='toggler   '  itemprop=\"headline\"  role='tab' tabindex='0' aria-controls='toggle-id-10'><b>Cz\u0142onek Komisji Rewizyjnej<\/b><br \/>\nmgr Gra\u017cyna Michalska<span class=\"toggle_icon\"><span class=\"vert_icon\"><\/span><span class=\"hor_icon\"><\/span><\/span><\/p><div id='toggle-id-10' class='toggle_wrap  '  ><div class='toggle_content invers-color '  itemprop=\"text\" ><\/div><\/div><\/div><\/section>\n<\/div><\/p><\/div>\n","protected":false},"excerpt":{"rendered":"","protected":false},"author":1,"featured_media":0,"parent":0,"menu_order":0,"comment_status":"closed","ping_status":"closed","template":"","meta":{"footnotes":""},"class_list":["post-1775","page","type-page","status-publish","hentry"],"_links":{"self":[{"href":"https:\/\/ptdl.pl\/index.php\/wp-json\/wp\/v2\/pages\/1775","targetHints":{"allow":["GET"]}}],"collection":[{"href":"https:\/\/ptdl.pl\/index.php\/wp-json\/wp\/v2\/pages"}],"about":[{"href":"https:\/\/ptdl.pl\/index.php\/wp-json\/wp\/v2\/types\/page"}],"author":[{"embeddable":true,"href":"https:\/\/ptdl.pl\/index.php\/wp-json\/wp\/v2\/users\/1"}],"replies":[{"embeddable":true,"href":"https:\/\/ptdl.pl\/index.php\/wp-json\/wp\/v2\/comments?post=1775"}],"version-history":[{"count":14,"href":"https:\/\/ptdl.pl\/index.php\/wp-json\/wp\/v2\/pages\/1775\/revisions"}],"predecessor-version":[{"id":5609,"href":"https:\/\/ptdl.pl\/index.php\/wp-json\/wp\/v2\/pages\/1775\/revisions\/5609"}],"wp:attachment":[{"href":"https:\/\/ptdl.pl\/index.php\/wp-json\/wp\/v2\/media?parent=1775"}],"curies":[{"name":"wp","href":"https:\/\/api.w.org\/{rel}","templated":true}]}}