{"id":1795,"date":"2023-11-27T15:12:01","date_gmt":"2023-11-27T14:12:01","guid":{"rendered":"http:\/\/wordpress2363517.home.pl\/ptdl\/?page_id=1795"},"modified":"2024-01-09T10:55:41","modified_gmt":"2024-01-09T09:55:41","slug":"oddzial-zielona_gora","status":"publish","type":"page","link":"https:\/\/ptdl.pl\/index.php\/oddzial-zielona_gora\/","title":{"rendered":"Oddzia\u0142 Zielona G\u00f3ra"},"content":{"rendered":"<div class='flex_column av-bbwrj-64d2880b1c12e65686a0081720ad9992 av_one_full  avia-builder-el-0  el_before_av_two_third  avia-builder-el-first  first flex_column_div '     ><section  class='av_textblock_section av-lecvcq6o-91aefef4f12c7a920c40a9efc4af9382'  itemscope=\"itemscope\" itemtype=\"https:\/\/schema.org\/CreativeWork\" ><div class='avia_textblock mp-naglowek-specjalny1-class'  itemprop=\"text\" ><p>Oddzia\u0142 Zielona G\u00f3ra<\/p>\n<hr \/>\n<\/div><\/section><\/div>\n<div class='flex_column av-ftu8n-11ae29f94e6bb6bd1c929d4954d46185 av_two_third  avia-builder-el-2  el_after_av_one_full  el_before_av_one_third  first flex_column_div column-top-margin'     ><p>\n<style type=\"text\/css\" data-created_by=\"avia_inline_auto\" id=\"style-css-av-lepnto4h-70e6ede7b8f0192918957318ecefb215\">\n#top .av_textblock_section.av-lepnto4h-70e6ede7b8f0192918957318ecefb215 .avia_textblock{\nfont-size:24px;\n}\n<\/style>\n<section  class='av_textblock_section av-lepnto4h-70e6ede7b8f0192918957318ecefb215'  itemscope=\"itemscope\" itemtype=\"https:\/\/schema.org\/CreativeWork\" ><div class='avia_textblock mp-naglowek-specjalny1-class'  itemprop=\"text\" ><p><strong>Szpital Uniwersytecki w Zielonej G\u00f3rze <\/strong><br \/>\nZyty 26, 65-046 Zielona G\u00f3ra<\/p>\n<\/div><\/section><br \/>\n\n<style type=\"text\/css\" data-created_by=\"avia_inline_auto\" id=\"style-css-av-leqxymxb-3dc4c3f3359f3e01f4a6610d02d8ff91\">\n@-webkit-keyframes av_boxShadowEffect_av-leqxymxb-3dc4c3f3359f3e01f4a6610d02d8ff91 {\n0%   { box-shadow:  0 0 0 0 ; opacity: 1; }\n100% { box-shadow:  0 0 10px 0 ; opacity: 1; }\n}\n@keyframes av_boxShadowEffect_av-leqxymxb-3dc4c3f3359f3e01f4a6610d02d8ff91 {\n0%   { box-shadow:  0 0 0 0 ; opacity: 1; }\n100% { box-shadow:  0 0 10px 0 ; opacity: 1; }\n}\n.avia_transform .avia-image-container.av-leqxymxb-3dc4c3f3359f3e01f4a6610d02d8ff91{\n-webkit-animation-duration:2s;\n-moz-animation-duration:2s;\nanimation-duration:2s;\n}\n.avia-image-container.av-leqxymxb-3dc4c3f3359f3e01f4a6610d02d8ff91 img.avia_image{\nbox-shadow: 0 0 10px 0 ;\n}\n.avia-image-container.av-leqxymxb-3dc4c3f3359f3e01f4a6610d02d8ff91 .av-image-caption-overlay-center{\ncolor:#ffffff;\n}\n<\/style>\n<div  class='avia-image-container av-leqxymxb-3dc4c3f3359f3e01f4a6610d02d8ff91 av-styling- avia_animated_image av-animated-when-visible-95 fade-in-left avia-align-center  avia-builder-el-4  el_after_av_textblock  el_before_av_hr  av-img-box-shadow av-box-shadow-not-animated'   itemprop=\"image\" itemscope=\"itemscope\" itemtype=\"https:\/\/schema.org\/ImageObject\" ><div class=\"avia-image-container-inner\"><div class=\"avia-image-overlay-wrap\"><img decoding=\"async\" class='wp-image-2066 avia-img-lazy-loading-not-2066 avia_image shadow-not-animated' src=\"https:\/\/ptdl.pl\/ptdl\/wp-content\/uploads\/2024\/01\/oddzial_lubuski-845x684.jpg\" alt='' title='oddzial_lubuski'  height=\"684\" width=\"845\"  itemprop=\"thumbnailUrl\" srcset=\"https:\/\/ptdl.pl\/ptdl\/wp-content\/uploads\/2024\/01\/oddzial_lubuski-845x684.jpg 845w, https:\/\/ptdl.pl\/ptdl\/wp-content\/uploads\/2024\/01\/oddzial_lubuski-495x400.jpg 495w\" sizes=\"(max-width: 845px) 100vw, 845px\" \/><\/div><\/div><\/div><br \/>\n<div  class='hr av-3gkv-ad7e794586a7799e183f5a9542000a2e hr-default  avia-builder-el-5  el_after_av_image  el_before_av_textblock '><span class='hr-inner '><span class=\"hr-inner-style\"><\/span><\/span><\/div><br \/>\n<section  class='av_textblock_section av-lepr8ob1-491be447289dde8da5c2ea4b6ad31da1'  itemscope=\"itemscope\" itemtype=\"https:\/\/schema.org\/CreativeWork\" ><div class='avia_textblock mp-naglowek-specjalny1-class'  itemprop=\"text\" ><p style=\"text-align: center;\">Aktualno\u015bci Oddzia\u0142u<\/p>\n<hr \/>\n<\/div><\/section><br \/>\n<div  id=\"avia-magazine-1\"  class='av-magazine av-ler753zq-9c995a0afd53870ff947e9e955e53efd  avia-builder-el-7  el_after_av_textblock  avia-builder-el-last   avia-builder-el-7  el_after_av_textblock  avia-builder-el-last ' ><div class='av-magazine-group sort_all'><article class='av-magazine-entry av-magazine-entry-id-5894 av-magazine-format-standard av-magazine-type-post av-magazine-entry-1 av-magazine-entry-small '  itemscope=\"itemscope\" itemtype=\"https:\/\/schema.org\/CreativeWork\" ><div class=\"av-magazine-thumbnail\"><a href='https:\/\/ptdl.pl\/index.php\/2026\/03\/26\/spotkanie-szkoleniowo-wyborcze\/' title='Link to: Spotkanie szkoleniowo-wyborcze' class='av-magazine-thumbnail-link'><img decoding=\"async\" width=\"80\" height=\"80\" src=\"https:\/\/ptdl.pl\/ptdl\/wp-content\/uploads\/2024\/03\/news_65-80x80.jpg\" class=\"wp-image-3009 avia-img-lazy-loading-not-3009 attachment-thumbnail size-thumbnail wp-post-image\" alt=\"\" srcset=\"https:\/\/ptdl.pl\/ptdl\/wp-content\/uploads\/2024\/03\/news_65-80x80.jpg 80w, https:\/\/ptdl.pl\/ptdl\/wp-content\/uploads\/2024\/03\/news_65-36x36.jpg 36w, https:\/\/ptdl.pl\/ptdl\/wp-content\/uploads\/2024\/03\/news_65-180x180.jpg 180w\" sizes=\"(max-width: 80px) 100vw, 80px\" \/><\/a><\/div><div class=\"av-magazine-content-wrap\"><header class=\"entry-content-header\"><time class='av-magazine-time updated'  itemprop=\"datePublished\" datetime=\"2026-03-26T19:47:07+01:00\" >2026-03-26<\/time><h3 class='av-magazine-title entry-title '  itemprop=\"headline\" ><a href='https:\/\/ptdl.pl\/index.php\/2026\/03\/26\/spotkanie-szkoleniowo-wyborcze\/' title='Link to: Spotkanie szkoleniowo-wyborcze'>Spotkanie szkoleniowo-wyborcze<\/a><\/h3><\/header><\/div><footer class=\"entry-footer\"><\/footer><\/article><article class='av-magazine-entry av-magazine-entry-id-5504 av-magazine-format-standard av-magazine-type-post av-magazine-entry-2 av-magazine-entry-small '  itemscope=\"itemscope\" itemtype=\"https:\/\/schema.org\/CreativeWork\" ><div class=\"av-magazine-thumbnail\"><a href='https:\/\/ptdl.pl\/index.php\/2025\/11\/27\/spotkanie-szkoleniowe-17-12-2025\/' title='Link to: Spotkanie szkoleniowe 17.12.2025' class='av-magazine-thumbnail-link'><img decoding=\"async\" width=\"80\" height=\"80\" src=\"https:\/\/ptdl.pl\/ptdl\/wp-content\/uploads\/2024\/11\/slider-1-80x80.jpg\" class=\"wp-image-3933 avia-img-lazy-loading-not-3933 attachment-thumbnail size-thumbnail wp-post-image\" alt=\"\" srcset=\"https:\/\/ptdl.pl\/ptdl\/wp-content\/uploads\/2024\/11\/slider-1-80x80.jpg 80w, https:\/\/ptdl.pl\/ptdl\/wp-content\/uploads\/2024\/11\/slider-1-36x36.jpg 36w, https:\/\/ptdl.pl\/ptdl\/wp-content\/uploads\/2024\/11\/slider-1-180x180.jpg 180w\" sizes=\"(max-width: 80px) 100vw, 80px\" \/><\/a><\/div><div class=\"av-magazine-content-wrap\"><header class=\"entry-content-header\"><time class='av-magazine-time updated'  itemprop=\"datePublished\" datetime=\"2025-11-27T19:44:55+01:00\" >2025-11-27<\/time><h3 class='av-magazine-title entry-title '  itemprop=\"headline\" ><a href='https:\/\/ptdl.pl\/index.php\/2025\/11\/27\/spotkanie-szkoleniowe-17-12-2025\/' title='Link to: Spotkanie szkoleniowe 17.12.2025'>Spotkanie szkoleniowe 17.12.2025<\/a><\/h3><\/header><\/div><footer class=\"entry-footer\"><\/footer><\/article><article class='av-magazine-entry av-magazine-entry-id-5390 av-magazine-format-standard av-magazine-type-post av-magazine-entry-3 av-magazine-entry-small '  itemscope=\"itemscope\" itemtype=\"https:\/\/schema.org\/CreativeWork\" ><div class=\"av-magazine-thumbnail\"><a href='https:\/\/ptdl.pl\/index.php\/2025\/10\/23\/informacja-o-spotkaniu-szkoleniowym\/' title='Link to: Informacja o spotkaniu szkoleniowym' class='av-magazine-thumbnail-link'><img decoding=\"async\" width=\"80\" height=\"80\" src=\"https:\/\/ptdl.pl\/ptdl\/wp-content\/uploads\/2024\/11\/slider-1-80x80.jpg\" class=\"wp-image-3933 avia-img-lazy-loading-not-3933 attachment-thumbnail size-thumbnail wp-post-image\" alt=\"\" srcset=\"https:\/\/ptdl.pl\/ptdl\/wp-content\/uploads\/2024\/11\/slider-1-80x80.jpg 80w, https:\/\/ptdl.pl\/ptdl\/wp-content\/uploads\/2024\/11\/slider-1-36x36.jpg 36w, https:\/\/ptdl.pl\/ptdl\/wp-content\/uploads\/2024\/11\/slider-1-180x180.jpg 180w\" sizes=\"(max-width: 80px) 100vw, 80px\" \/><\/a><\/div><div class=\"av-magazine-content-wrap\"><header class=\"entry-content-header\"><time class='av-magazine-time updated'  itemprop=\"datePublished\" datetime=\"2025-10-23T20:17:53+02:00\" >2025-10-23<\/time><h3 class='av-magazine-title entry-title '  itemprop=\"headline\" ><a href='https:\/\/ptdl.pl\/index.php\/2025\/10\/23\/informacja-o-spotkaniu-szkoleniowym\/' title='Link to: Informacja o spotkaniu szkoleniowym'>Informacja o spotkaniu szkoleniowym<\/a><\/h3><\/header><\/div><footer class=\"entry-footer\"><\/footer><\/article><article class='av-magazine-entry av-magazine-entry-id-4394 av-magazine-format-standard av-magazine-type-post av-magazine-entry-4 av-magazine-entry-small '  itemscope=\"itemscope\" itemtype=\"https:\/\/schema.org\/CreativeWork\" ><div class=\"av-magazine-thumbnail\"><a href='https:\/\/ptdl.pl\/index.php\/2025\/02\/27\/zebranie-szkoleniowe-27-03-2025\/' title='Link to: Zebranie szkoleniowe 27.03.2025' class='av-magazine-thumbnail-link'><img decoding=\"async\" width=\"80\" height=\"80\" src=\"https:\/\/ptdl.pl\/ptdl\/wp-content\/uploads\/2024\/03\/news_65-80x80.jpg\" class=\"wp-image-3009 avia-img-lazy-loading-not-3009 attachment-thumbnail size-thumbnail wp-post-image\" alt=\"\" srcset=\"https:\/\/ptdl.pl\/ptdl\/wp-content\/uploads\/2024\/03\/news_65-80x80.jpg 80w, https:\/\/ptdl.pl\/ptdl\/wp-content\/uploads\/2024\/03\/news_65-36x36.jpg 36w, https:\/\/ptdl.pl\/ptdl\/wp-content\/uploads\/2024\/03\/news_65-180x180.jpg 180w\" sizes=\"(max-width: 80px) 100vw, 80px\" \/><\/a><\/div><div class=\"av-magazine-content-wrap\"><header class=\"entry-content-header\"><time class='av-magazine-time updated'  itemprop=\"datePublished\" datetime=\"2025-02-27T11:12:36+01:00\" >2025-02-27<\/time><h3 class='av-magazine-title entry-title '  itemprop=\"headline\" ><a href='https:\/\/ptdl.pl\/index.php\/2025\/02\/27\/zebranie-szkoleniowe-27-03-2025\/' title='Link to: Zebranie szkoleniowe 27.03.2025'>Zebranie szkoleniowe 27.03.2025<\/a><\/h3><\/header><\/div><footer class=\"entry-footer\"><\/footer><\/article><article class='av-magazine-entry av-magazine-entry-id-4213 av-magazine-format-standard av-magazine-type-post av-magazine-entry-5 av-magazine-entry-small '  itemscope=\"itemscope\" itemtype=\"https:\/\/schema.org\/CreativeWork\" ><div class=\"av-magazine-thumbnail\"><a href='https:\/\/ptdl.pl\/index.php\/2025\/01\/17\/ostatnie-pozegnanie-5\/' title='Link to: Ostatnie po\u017cegnanie' class='av-magazine-thumbnail-link'><img decoding=\"async\" width=\"80\" height=\"80\" src=\"https:\/\/ptdl.pl\/ptdl\/wp-content\/uploads\/2024\/07\/news_73-80x80.jpg\" class=\"wp-image-3518 avia-img-lazy-loading-not-3518 attachment-thumbnail size-thumbnail wp-post-image\" alt=\"\" srcset=\"https:\/\/ptdl.pl\/ptdl\/wp-content\/uploads\/2024\/07\/news_73-80x80.jpg 80w, https:\/\/ptdl.pl\/ptdl\/wp-content\/uploads\/2024\/07\/news_73-36x36.jpg 36w, https:\/\/ptdl.pl\/ptdl\/wp-content\/uploads\/2024\/07\/news_73-180x180.jpg 180w\" sizes=\"(max-width: 80px) 100vw, 80px\" \/><\/a><\/div><div class=\"av-magazine-content-wrap\"><header class=\"entry-content-header\"><time class='av-magazine-time updated'  itemprop=\"datePublished\" datetime=\"2025-01-17T12:47:03+01:00\" >2025-01-17<\/time><h3 class='av-magazine-title entry-title '  itemprop=\"headline\" ><a href='https:\/\/ptdl.pl\/index.php\/2025\/01\/17\/ostatnie-pozegnanie-5\/' title='Link to: Ostatnie po\u017cegnanie'>Ostatnie po\u017cegnanie<\/a><\/h3><\/header><\/div><footer class=\"entry-footer\"><\/footer><\/article><\/div><div class='av-masonry-pagination av-masonry-pagination-pagination'><nav class='pagination'><span class='pagination-meta'>Strona 1 z 3<\/span><span class='current'>1<\/span><a href='https:\/\/ptdl.pl\/index.php\/wp-json\/wp\/v2\/pages\/1795\/?avia-element-paging=2' class='inactive next_page' >2<\/a><a href='https:\/\/ptdl.pl\/index.php\/wp-json\/wp\/v2\/pages\/1795\/?avia-element-paging=3' class='inactive' >3<\/a><\/nav>\n<\/div><\/div><\/p><\/div>\n<div class='flex_column av-9njxb-7e13e76db42024df501517fd059c3eb7 av_one_third  avia-builder-el-8  el_after_av_two_third  avia-builder-el-last  flex_column_div column-top-margin'     ><section  class='av_textblock_section av-lepr8agv-482b0303bb421e7a1e81649c42def1d5'  itemscope=\"itemscope\" itemtype=\"https:\/\/schema.org\/CreativeWork\" ><div class='avia_textblock mp-naglowek-specjalny1-class'  itemprop=\"text\" ><p style=\"text-align: center;\">Aktualne sk\u0142adki<\/p>\n<hr \/>\n<\/div><\/section><br \/>\n<section  class='av_textblock_section av-4j1leb-01d86311ebcceb98464821f982950954'  itemscope=\"itemscope\" itemtype=\"https:\/\/schema.org\/CreativeWork\" ><div class='avia_textblock'  itemprop=\"text\" ><p style=\"text-align: center;\">Sk\u0142adka za 2024 rok wynosi<br \/>\n<span style=\"font-size: 14pt;\"><strong>100 z\u0142<\/strong>,<\/span><br \/>\ndla emeryt\u00f3w<br \/>\n<span style=\"font-size: 14pt;\"><strong>20 z\u0142<\/strong>.<\/span><\/p>\n<p style=\"text-align: justify;\">W zwi\u0105zku z uruchomieniem nowej strony PTDL wraz z systemem obs\u0142ugi sk\u0142adek cz\u0142onkowskich uprzejmie prosimy <strong>o<\/strong> <strong>powt\u00f3rn\u0105 rejestracj\u0119 wszystkich cz\u0142onk\u00f3w Towarzystwa<\/strong>. Prosimy dokona\u0107 rejestracji <strong>PRZED op\u0142aceniem sk\u0142adki cz\u0142onkowskiej<\/strong>.<br \/>\nPo zarejestrowaniu, zalecamy op\u0142aci\u0107 sk\u0142adk\u0119 cz\u0142onkowsk\u0105 poprzez nowy system \u2013 dzi\u0119ki temu sk\u0142adki s\u0105 automatycznie rejestrowane w systemie. Alternatywnie, istnieje w dalszym ci\u0105gu mo\u017cliwo\u015b\u0107 op\u0142acenia tradycyjnym przelewem na konto Oddzia\u0142u Terenowego.<\/p>\n<\/div><\/section><br \/>\n<div  class='avia-button-wrap avia-button-center  avia-builder-el-11  el_after_av_textblock  el_before_av_textblock '>\n<style type=\"text\/css\" data-created_by=\"avia_inline_auto\" id=\"style-css-av-av_button_big-4c98ee2c6d4b621cc3dc48f744e8c0fc\">\n#top #wrap_all .avia-button.av-av_button_big-4c98ee2c6d4b621cc3dc48f744e8c0fc:hover{\ncolor:white;\n-webkit-transition:all 0.4s ease-in-out;\n-moz-transition:all 0.4s ease-in-out;\n-ms-transition:all 0.4s ease-in-out;\n-o-transition:all 0.4s ease-in-out;\ntransition:all 0.4s ease-in-out;\n}\n<\/style>\n<a href='https:\/\/ptdl.sorga.pl' class='avia-color-theme-color avia-font-color-theme-color avia-button avia-button-fullwidth av-av_button_big-4c98ee2c6d4b621cc3dc48f744e8c0fc avia-icon_select-no avia-color-theme-color'  ><span class='avia_iconbox_title' >Rejestracja\/logowanie<\/span><span class='avia_button_background avia-button avia-button-fullwidth avia-color-theme-color-highlight'><\/span><\/a><\/div><br \/>\n<section  class='av_textblock_section av-lepr7rdn-2ddb37f29fda9955929607b5ebb4d7e8'  itemscope=\"itemscope\" itemtype=\"https:\/\/schema.org\/CreativeWork\" ><div class='avia_textblock'  itemprop=\"text\" ><p style=\"text-align: center;\">Numer rachunku bankowego:<\/p>\n<p style=\"text-align: center;\"><span style=\"font-size: 12pt;\"><strong>PKO BP<\/strong><\/span><br \/>\n<span style=\"font-size: 14pt;\"><strong><span style=\"font-size: 12pt;\">21 1020 5402 0000 0602 0538 2306<\/span> <\/strong><\/span><\/p>\n<p style=\"text-align: center;\">W tytule p\u0142atno\u015bci prosz\u0119 wpisa\u0107: imi\u0119 i nazwisko cz\u0142onka PTDL op\u0142acaj\u0105cego sk\u0142adk\u0119\/sk\u0142adki; rok\/lata, za kt\u00f3ry\/kt\u00f3re op\u0142acana jest sk\u0142adka\/sk\u0142adki.<\/p>\n<p style=\"text-align: center;\"><strong>PROSIMY O WP\u0141AT\u0118 DO KO\u0143CA LUTEGO 2024 ROKU !<\/strong><\/p>\n<\/div><\/section><br \/>\n<div  class='hr av-b52mf-292f5e350f97db2a46698507c72611aa hr-default  avia-builder-el-13  el_after_av_textblock  el_before_av_textblock '><span class='hr-inner '><span class=\"hr-inner-style\"><\/span><\/span><\/div><br \/>\n<section  class='av_textblock_section av-leqs64ut-312ac74e5bbc787464a46a66f5cfe795'  itemscope=\"itemscope\" itemtype=\"https:\/\/schema.org\/CreativeWork\" ><div class='avia_textblock mp-naglowek-specjalny1-class'  itemprop=\"text\" ><p style=\"text-align: center;\">Zarz\u0105d Oddzia\u0142u<\/p>\n<\/div><\/section><br \/>\n<div  class='togglecontainer av-lepmmq0p-ca1328243295a851c6fd36a11a691c27  avia-builder-el-15  el_after_av_textblock  avia-builder-el-last  toggle_close_all' >\n<section class='av_toggle_section av-lepmm4dl-1-1-83cf0512b7407887e8d2e3a3a982f07a'  itemscope=\"itemscope\" itemtype=\"https:\/\/schema.org\/CreativeWork\" ><div role=\"tablist\" class=\"single_toggle\" data-tags=\"{Wszystko} \"  ><p data-fake-id='#toggle-id-1' class='toggler   '  itemprop=\"headline\"  role='tab' tabindex='0' aria-controls='toggle-id-1'><b>Przewodnicz\u0105ca<\/b><br \/>\nmgr Katarzyna Drzyzga-Gramacka<span class=\"toggle_icon\"><span class=\"vert_icon\"><\/span><span class=\"hor_icon\"><\/span><\/span><\/p><div id='toggle-id-1' class='toggle_wrap  '  ><div class='toggle_content invers-color '  itemprop=\"text\" ><p><strong>Szpital Uniwersytecki w Zielonej G\u00f3rze, Zak\u0142ad Diagnostyki Laboratoryjnej<\/strong><br \/>\nZyty 26, 65-046, Zielona G\u00f3ra<br \/>\nkatarzyna.drzyzga-gramacka@lubuski.ptdl.pl<br \/>\n<strong>Telefon: <\/strong>68 3296 268, 697856725<\/p>\n<\/div><\/div><\/div><\/section>\n<section class='av_toggle_section av-lepmm4dl-1-1-3-52537846d9c57582e8844a5695d73a94'  itemscope=\"itemscope\" itemtype=\"https:\/\/schema.org\/CreativeWork\" ><div role=\"tablist\" class=\"single_toggle\" data-tags=\"{Wszystko} \"  ><p data-fake-id='#toggle-id-2' class='toggler   '  itemprop=\"headline\"  role='tab' tabindex='0' aria-controls='toggle-id-2'><b>Wiceprzewodnicz\u0105ca <\/b><br \/>\nmgr Aleksandra Frydrych<span class=\"toggle_icon\"><span class=\"vert_icon\"><\/span><span class=\"hor_icon\"><\/span><\/span><\/p><div id='toggle-id-2' class='toggle_wrap  '  ><div class='toggle_content invers-color '  itemprop=\"text\" ><p><strong>Szpital Uniwersytecki w Zielonej G\u00f3rze<\/strong><br \/>\nZyty 26, 65-046, Zielona G\u00f3ra<br \/>\naleksandra.frydrych@lubuski.pl<br \/>\n<strong>Telefon:\u00a0<\/strong>683296270, 502237072<br \/>\n<strong>Fax:\u00a0<\/strong>683296270<\/p>\n<\/div><\/div><\/div><\/section>\n<section class='av_toggle_section av-lepmm4dl-1-1-2-946597733ede8e660e112d0a93aa3851'  itemscope=\"itemscope\" itemtype=\"https:\/\/schema.org\/CreativeWork\" ><div role=\"tablist\" class=\"single_toggle\" data-tags=\"{Wszystko} \"  ><p data-fake-id='#toggle-id-3' class='toggler   '  itemprop=\"headline\"  role='tab' tabindex='0' aria-controls='toggle-id-3'><b>Sekretarz<\/b><br \/>\nmgr Barbara Chrz\u0105stek<span class=\"toggle_icon\"><span class=\"vert_icon\"><\/span><span class=\"hor_icon\"><\/span><\/span><\/p><div id='toggle-id-3' class='toggle_wrap  '  ><div class='toggle_content invers-color '  itemprop=\"text\" ><p><strong>PTDL &#8211; Zielona G\u00f3ra<\/strong><br \/>\nZyty 26,65-046, Zielona G\u00f3ra<br \/>\nbarbara.chrzastek@lubuski.ptdl.pl<\/p>\n<\/div><\/div><\/div><\/section>\n<section class='av_toggle_section av-lepmkvs1-165921f94f9ee48169e94bcb3791d3b5'  itemscope=\"itemscope\" itemtype=\"https:\/\/schema.org\/CreativeWork\" ><div role=\"tablist\" class=\"single_toggle\" data-tags=\"{Wszystko} \"  ><p data-fake-id='#toggle-id-4' class='toggler   '  itemprop=\"headline\"  role='tab' tabindex='0' aria-controls='toggle-id-4'><b>Skarbnik<\/b><br \/>\nmgr Ewa Brzezi\u0144ska<span class=\"toggle_icon\"><span class=\"vert_icon\"><\/span><span class=\"hor_icon\"><\/span><\/span><\/p><div id='toggle-id-4' class='toggle_wrap  '  ><div class='toggle_content invers-color '  itemprop=\"text\" ><p><strong>PTDL &#8211; Zielona G\u00f3ra<\/strong><br \/>\nZyty 26,65-046, Zielona G\u00f3ra<br \/>\newa.brzezinska@lubuski.ptdl.pl<\/p>\n<\/div><\/div><\/div><\/section>\n<section class='av_toggle_section av-lepmm4dl-9003cdba78345613f2d0c1be1e3753cf'  itemscope=\"itemscope\" itemtype=\"https:\/\/schema.org\/CreativeWork\" ><div role=\"tablist\" class=\"single_toggle\" data-tags=\"{Wszystko} \"  ><p data-fake-id='#toggle-id-5' class='toggler   '  itemprop=\"headline\"  role='tab' tabindex='0' aria-controls='toggle-id-5'><b>Cz\u0142onek Zarz\u0105du<\/b><br \/>\nmgr Ewa Madejczyk<span class=\"toggle_icon\"><span class=\"vert_icon\"><\/span><span class=\"hor_icon\"><\/span><\/span><\/p><div id='toggle-id-5' class='toggle_wrap  '  ><div class='toggle_content invers-color '  itemprop=\"text\" ><\/div><\/div><\/div><\/section>\n<section class='av_toggle_section av-lepmm4dl-3-3900dffefef692daaa67f7b9f27d1254'  itemscope=\"itemscope\" itemtype=\"https:\/\/schema.org\/CreativeWork\" ><div role=\"tablist\" class=\"single_toggle\" data-tags=\"{Wszystko} \"  ><p data-fake-id='#toggle-id-6' class='toggler   '  itemprop=\"headline\"  role='tab' tabindex='0' aria-controls='toggle-id-6'><b>Cz\u0142onek Zarz\u0105du<\/b><br \/>\nmgr Marcin Szmecht<span class=\"toggle_icon\"><span class=\"vert_icon\"><\/span><span class=\"hor_icon\"><\/span><\/span><\/p><div id='toggle-id-6' class='toggle_wrap  '  ><div class='toggle_content invers-color '  itemprop=\"text\" ><\/div><\/div><\/div><\/section>\n<section class='av_toggle_section av-lepmm4dl-1-2-306a6cae4debfd1f459099f7fef98a2c'  itemscope=\"itemscope\" itemtype=\"https:\/\/schema.org\/CreativeWork\" ><div role=\"tablist\" class=\"single_toggle\" data-tags=\"{Wszystko} \"  ><p data-fake-id='#toggle-id-7' class='toggler   '  itemprop=\"headline\"  role='tab' tabindex='0' aria-controls='toggle-id-7'><b>Cz\u0142onek Komisji Rewizyjnej<\/b><br \/>\nmgr El\u017cbieta Fularczyk<span class=\"toggle_icon\"><span class=\"vert_icon\"><\/span><span class=\"hor_icon\"><\/span><\/span><\/p><div id='toggle-id-7' class='toggle_wrap  '  ><div class='toggle_content invers-color '  itemprop=\"text\" ><\/div><\/div><\/div><\/section>\n<section class='av_toggle_section av-lepmm4dl-1-2-1-a5a2b6bbe2554a20614392720dc78c98'  itemscope=\"itemscope\" itemtype=\"https:\/\/schema.org\/CreativeWork\" ><div role=\"tablist\" class=\"single_toggle\" data-tags=\"{Wszystko} \"  ><p data-fake-id='#toggle-id-8' class='toggler   '  itemprop=\"headline\"  role='tab' tabindex='0' aria-controls='toggle-id-8'><b>Cz\u0142onek Komisji Rewizyjnej<\/b><br \/>\nmgr El\u017cbieta Kurzatz<span class=\"toggle_icon\"><span class=\"vert_icon\"><\/span><span class=\"hor_icon\"><\/span><\/span><\/p><div id='toggle-id-8' class='toggle_wrap  '  ><div class='toggle_content invers-color '  itemprop=\"text\" ><\/div><\/div><\/div><\/section>\n<\/div><\/p><\/div>\n","protected":false},"excerpt":{"rendered":"","protected":false},"author":1,"featured_media":0,"parent":0,"menu_order":0,"comment_status":"closed","ping_status":"closed","template":"","meta":{"footnotes":""},"class_list":["post-1795","page","type-page","status-publish","hentry"],"_links":{"self":[{"href":"https:\/\/ptdl.pl\/index.php\/wp-json\/wp\/v2\/pages\/1795","targetHints":{"allow":["GET"]}}],"collection":[{"href":"https:\/\/ptdl.pl\/index.php\/wp-json\/wp\/v2\/pages"}],"about":[{"href":"https:\/\/ptdl.pl\/index.php\/wp-json\/wp\/v2\/types\/page"}],"author":[{"embeddable":true,"href":"https:\/\/ptdl.pl\/index.php\/wp-json\/wp\/v2\/users\/1"}],"replies":[{"embeddable":true,"href":"https:\/\/ptdl.pl\/index.php\/wp-json\/wp\/v2\/comments?post=1795"}],"version-history":[{"count":12,"href":"https:\/\/ptdl.pl\/index.php\/wp-json\/wp\/v2\/pages\/1795\/revisions"}],"predecessor-version":[{"id":5613,"href":"https:\/\/ptdl.pl\/index.php\/wp-json\/wp\/v2\/pages\/1795\/revisions\/5613"}],"wp:attachment":[{"href":"https:\/\/ptdl.pl\/index.php\/wp-json\/wp\/v2\/media?parent=1795"}],"curies":[{"name":"wp","href":"https:\/\/api.w.org\/{rel}","templated":true}]}}