{"id":3838,"date":"2024-11-04T14:21:48","date_gmt":"2024-11-04T13:21:48","guid":{"rendered":"https:\/\/ptdl.pl\/?page_id=3838"},"modified":"2024-11-04T14:21:48","modified_gmt":"2024-11-04T13:21:48","slug":"sekcja-ds-laboratoryjnej-parazytologii-medycznej","status":"publish","type":"page","link":"https:\/\/ptdl.pl\/index.php\/sekcje-zg-ptdl\/sekcja-ds-laboratoryjnej-parazytologii-medycznej\/","title":{"rendered":"Sekcja ds. Laboratoryjnej Parazytologii Medycznej"},"content":{"rendered":"<p style=\"text-align: justify;\">Sekcja ds. Laboratoryjnej Parazytologii Medycznej zosta\u0142a powo\u0142ana 23 pa\u017adziernika 2013 r. przez Zarz\u0105d G\u0142\u00f3wny PTDL a jej pomys\u0142odawc\u0105 i inicjatorem by\u0142 Pan mgr Czes\u0142aw G\u0142owniak z Rzeszowskiego Oddzia\u0142u PTDL. Podstawowym celem dzia\u0142alno\u015bci Sekcji jest zrzeszenie oraz integracja Cz\u0142onk\u00f3w PTDL zainteresowanych dzia\u0142alno\u015bci\u0105 naukowo-badawcz\u0105 i szkoleniow\u0105 w zakresie laboratoryjnej parazytologii medycznej.<\/p>\n<p>&nbsp;<\/p>\n<p><strong>Obecny sk\u0142ad Zarz\u0105du Sekcji:<\/strong><\/p>\n<p><u>Przewodnicz\u0105ca<br \/>\n<\/u><strong>prof. dr\u00a0hab. n.\u00a0med. Joanna Matowicka-Karna<br \/>\n<\/strong>specjalista laboratoryjnej parazytologii medycznej<br \/>\nspecjalista analityki klinicznej<br \/>\nBia\u0142ostocki Oddzia\u0142 PTDL<br \/>\nZak\u0142ad Laboratoryjnej Diagnostyki Klinicznej<br \/>\nUniwersytet Medyczny w Bia\u0142ymstoku<\/p>\n<p><u>Wiceprzewodnicz\u0105cy<br \/>\n<\/u><strong>dr\u00a0hab. n.\u00a0med. i n. o zdr. Przemys\u0142aw Ko\u0142odziej, prof. UMLub<br \/>\n<\/strong>specjalista laboratoryjnej parazytologii medycznej<br \/>\nspecjalista laboratoryjnej diagnostyki medycznej<br \/>\nLubelski Oddzia\u0142 PTDL<br \/>\nPracownia Diagnostyki Parazytologicznej<br \/>\nUniwersytet Medyczny w Lublinie<\/p>\n<p><u>Sekretarz<br \/>\n<\/u><strong>dr n. med. \u00a0Jolanta Czy\u017cewska<br \/>\n<\/strong>specjalista laboratoryjnej diagnostyki medycznej<br \/>\nBia\u0142ostocki Oddzia\u0142 PTDL<br \/>\nZak\u0142ad Laboratoryjnej Diagnostyki Klinicznej<br \/>\nUniwersytet Medyczny w Bia\u0142ymstoku<\/p>\n<p>&nbsp;<\/p>\n","protected":false},"excerpt":{"rendered":"<p>Sekcja ds. Laboratoryjnej Parazytologii Medycznej zosta\u0142a powo\u0142ana 23 pa\u017adziernika 2013 r. przez Zarz\u0105d G\u0142\u00f3wny PTDL a jej pomys\u0142odawc\u0105 i inicjatorem by\u0142 Pan mgr Czes\u0142aw G\u0142owniak z Rzeszowskiego Oddzia\u0142u PTDL. Podstawowym celem dzia\u0142alno\u015bci Sekcji jest zrzeszenie oraz integracja Cz\u0142onk\u00f3w PTDL zainteresowanych dzia\u0142alno\u015bci\u0105 naukowo-badawcz\u0105 i szkoleniow\u0105 w zakresie laboratoryjnej parazytologii medycznej. &nbsp; Obecny sk\u0142ad Zarz\u0105du Sekcji: Przewodnicz\u0105ca [&hellip;]<\/p>\n","protected":false},"author":1,"featured_media":0,"parent":1350,"menu_order":0,"comment_status":"closed","ping_status":"closed","template":"","meta":{"footnotes":""},"class_list":["post-3838","page","type-page","status-publish","hentry"],"_links":{"self":[{"href":"https:\/\/ptdl.pl\/index.php\/wp-json\/wp\/v2\/pages\/3838","targetHints":{"allow":["GET"]}}],"collection":[{"href":"https:\/\/ptdl.pl\/index.php\/wp-json\/wp\/v2\/pages"}],"about":[{"href":"https:\/\/ptdl.pl\/index.php\/wp-json\/wp\/v2\/types\/page"}],"author":[{"embeddable":true,"href":"https:\/\/ptdl.pl\/index.php\/wp-json\/wp\/v2\/users\/1"}],"replies":[{"embeddable":true,"href":"https:\/\/ptdl.pl\/index.php\/wp-json\/wp\/v2\/comments?post=3838"}],"version-history":[{"count":2,"href":"https:\/\/ptdl.pl\/index.php\/wp-json\/wp\/v2\/pages\/3838\/revisions"}],"predecessor-version":[{"id":3840,"href":"https:\/\/ptdl.pl\/index.php\/wp-json\/wp\/v2\/pages\/3838\/revisions\/3840"}],"up":[{"embeddable":true,"href":"https:\/\/ptdl.pl\/index.php\/wp-json\/wp\/v2\/pages\/1350"}],"wp:attachment":[{"href":"https:\/\/ptdl.pl\/index.php\/wp-json\/wp\/v2\/media?parent=3838"}],"curies":[{"name":"wp","href":"https:\/\/api.w.org\/{rel}","templated":true}]}}